
{"id":58,"date":"2022-09-15T11:09:20","date_gmt":"2022-09-15T11:09:20","guid":{"rendered":"https:\/\/robeto.novaworks.net\/?page_id=58"},"modified":"2026-02-11T23:00:21","modified_gmt":"2026-02-11T23:00:21","slug":"the-cherry-story","status":"publish","type":"page","link":"https:\/\/conceptofdejavu.com\/fr\/the-cherry-story\/","title":{"rendered":"The Cherry Story"},"content":{"rendered":"<div data-elementor-type=\"wp-page\" data-elementor-id=\"58\" class=\"elementor elementor-58\">\n\t\t\t\t<div class=\"elementor-element elementor-element-9a26849 e-con-full e-flex kitify-col-width-auto-no ignore-docs-style-no kitify-disable-relative-no e-root-container elementor-top-section e-con e-parent\" data-id=\"9a26849\" data-element_type=\"container\" data-e-type=\"container\" data-settings=\"{&quot;background_background&quot;:&quot;classic&quot;}\">\n\t\t\t\t<div class=\"elementor-element elementor-element-1708849 elementor-widget__width-inherit elementor-invisible kitify-has-entrance-animation elementor-widget elementor-widget-heading\" data-id=\"1708849\" data-element_type=\"widget\" data-e-type=\"widget\" data-settings=\"{&quot;_animation&quot;:&quot;kitifyShortFadeInUp&quot;}\" data-widget_type=\"heading.default\">\n\t\t\t\t\t<h2 class=\"elementor-heading-title elementor-size-default\">Moroccan concept store <\/h2>\t\t\t\t<\/div>\n\t\t\t\t<div class=\"elementor-element elementor-element-429530f elementor-widget__width-inherit elementor-absolute elementor-invisible kitify-has-entrance-animation elementor-widget elementor-widget-heading\" data-id=\"429530f\" data-element_type=\"widget\" data-e-type=\"widget\" data-settings=\"{&quot;_animation&quot;:&quot;kitifyShortFadeInUp&quot;,&quot;_animation_delay&quot;:400,&quot;_position&quot;:&quot;absolute&quot;}\" data-widget_type=\"heading.default\">\n\t\t\t\t\t<div class=\"elementor-heading-title elementor-size-default\">From home to everywhere <\/br>\nA feeling you've known forever<\/div>\t\t\t\t<\/div>\n\t\t\t\t<\/div>\n\t\t<div class=\"elementor-element elementor-element-366e9c8 e-flex e-con-boxed kitify-col-width-auto-no ignore-docs-style-no kitify-disable-relative-no e-root-container elementor-top-section e-con e-parent\" data-id=\"366e9c8\" data-element_type=\"container\" data-e-type=\"container\">\n\t\t\t\t\t<div class=\"e-con-inner\">\n\t\t<div class=\"elementor-element elementor-element-d1ddcc5 e-con-full e-flex kitify-col-width-auto-no ignore-docs-style-no kitify-disable-relative-no e-con e-child\" data-id=\"d1ddcc5\" data-element_type=\"container\" data-e-type=\"container\">\n\t\t<div class=\"elementor-element elementor-element-3144c8a e-con-full e-flex kitify-col-width-auto-no ignore-docs-style-no kitify-disable-relative-no e-con e-child\" data-id=\"3144c8a\" data-element_type=\"container\" data-e-type=\"container\">\n\t\t\t\t<div class=\"elementor-element elementor-element-8c6699a elementor-hidden-desktop elementor-hidden-laptop elementor-hidden-tablet elementor-hidden-mobile_extra elementor-hidden-mobile elementor-widget elementor-widget-image\" data-id=\"8c6699a\" data-element_type=\"widget\" data-e-type=\"widget\" data-widget_type=\"image.default\">\n\t\t\t\t\t\t\t\t\t\t\t\t\t\t\t<img decoding=\"async\" width=\"150\" height=\"150\" src=\"https:\/\/conceptofdejavu.com\/wp-content\/uploads\/2025\/12\/cherry-removebg-preview-150x150.png\" class=\"attachment-thumbnail size-thumbnail wp-image-4224\" alt=\"\" srcset=\"https:\/\/conceptofdejavu.com\/wp-content\/uploads\/2025\/12\/cherry-removebg-preview-150x150.png 150w, https:\/\/conceptofdejavu.com\/wp-content\/uploads\/2025\/12\/cherry-removebg-preview-250x250.png 250w, https:\/\/conceptofdejavu.com\/wp-content\/uploads\/2025\/12\/cherry-removebg-preview-50x50.png 50w, https:\/\/conceptofdejavu.com\/wp-content\/uploads\/2025\/12\/cherry-removebg-preview-100x100.png 100w\" sizes=\"(max-width: 150px) 100vw, 150px\" \/>\t\t\t\t\t\t\t\t\t\t\t\t\t\t\t<\/div>\n\t\t\t\t<div class=\"elementor-element elementor-element-3a6b8f3 elementor-widget elementor-widget-text-editor\" data-id=\"3a6b8f3\" data-element_type=\"widget\" data-e-type=\"widget\" data-widget_type=\"text-editor.default\">\n\t\t\t\t\t\t\t\t\t<p><strong>Concept of D\u00e9j\u00e0 Vu<\/strong> est n\u00e9 d\u2019un sentiment que nous connaissons depuis toujours.<br \/><em><strong>D\u00e9j\u00e0 vu<\/strong><\/em> quelque chose que vous avez d\u00e9j\u00e0 vu, d\u00e9j\u00e0 ressenti, d\u00e9j\u00e0 r\u00eav\u00e9.<br \/>Pour nous, c\u2019est la marque que nous imaginions \u00e0 l\u2019\u00e2ge de 8 ans. De nos dessins griffonn\u00e9s sur des feuilles volantes, fi\u00e8rement montr\u00e9s \u00e0 notre famille, jusqu\u2019\u00e0 la r\u00e9alisation de ce r\u00eave d\u2019enfance en une vraie marque. <em><strong>D\u00e9j\u00e0 Vu<\/strong><\/em> a toujours \u00e9t\u00e9 l\u00e0, attendant son moment.<br \/><em><strong>Concept of D\u00e9j\u00e0 Vu<\/strong><\/em> est un concept store marocain, cr\u00e9\u00e9 par des femmes, pour des femmes. Un lieu o\u00f9 vous trouverez toutes les choses vers lesquelles nous, filles, sommes naturellement attir\u00e9es.<br \/>Des v\u00eatements d\u2019int\u00e9rieur confortables, parfaits pour des matin\u00e9es lentes \u00e0 la maison, aux ensembles faciles \u00e0 porter dehors, jusqu\u2019aux pi\u00e8ces marquantes comme nos pantalons lounge \u00e0 sequins, faits pour danser, faire la f\u00eate et vivre pleinement. Chaque pi\u00e8ce est cr\u00e9\u00e9e \u00e0 notre mani\u00e8re, avec intention et amour.<br \/><strong>Notre vision est simple :<\/strong><br \/>Nous croyons que la confiance commence \u00e0 la maison. Quand vous vous sentez bien dans ce que vous portez chez vous, cette assurance vous accompagne naturellement partout ailleurs.<br \/>Our cherry icon \ud83c\udf52 symbolizes us two cousins, Hind &amp; Nouhaila, and a dream that continues to grow.<br \/>Ce n\u2019est que le d\u00e9but de notre aventure, et nous sommes ravies de grandir, \u00e9voluer et cr\u00e9er \u00e0 vos c\u00f4t\u00e9s.<\/p>\t\t\t\t\t\t\t\t<\/div>\n\t\t\t\t<div class=\"elementor-element elementor-element-6c3f0f2 elementor-hidden-desktop elementor-hidden-laptop elementor-hidden-tablet elementor-hidden-mobile_extra elementor-hidden-mobile elementor-widget elementor-widget-image\" data-id=\"6c3f0f2\" data-element_type=\"widget\" data-e-type=\"widget\" data-widget_type=\"image.default\">\n\t\t\t\t\t\t\t\t\t\t\t\t\t\t\t<img decoding=\"async\" width=\"150\" height=\"150\" src=\"https:\/\/conceptofdejavu.com\/wp-content\/uploads\/2025\/12\/cherry-removebg-preview-150x150.png\" class=\"attachment-thumbnail size-thumbnail wp-image-4224\" alt=\"\" srcset=\"https:\/\/conceptofdejavu.com\/wp-content\/uploads\/2025\/12\/cherry-removebg-preview-150x150.png 150w, https:\/\/conceptofdejavu.com\/wp-content\/uploads\/2025\/12\/cherry-removebg-preview-250x250.png 250w, https:\/\/conceptofdejavu.com\/wp-content\/uploads\/2025\/12\/cherry-removebg-preview-50x50.png 50w, https:\/\/conceptofdejavu.com\/wp-content\/uploads\/2025\/12\/cherry-removebg-preview-100x100.png 100w\" sizes=\"(max-width: 150px) 100vw, 150px\" \/>\t\t\t\t\t\t\t\t\t\t\t\t\t\t\t<\/div>\n\t\t\t\t<\/div>\n\t\t\t\t<\/div>\n\t\t\t\t\t<\/div>\n\t\t\t\t<\/div>\n\t\t<div class=\"elementor-element elementor-element-70956dd elementor-hidden-desktop elementor-hidden-laptop elementor-hidden-tablet elementor-hidden-mobile_extra elementor-hidden-mobile e-flex e-con-boxed kitify-col-width-auto-no ignore-docs-style-no kitify-disable-relative-no e-root-container elementor-top-section e-con e-parent\" data-id=\"70956dd\" data-element_type=\"container\" data-e-type=\"container\">\n\t\t\t\t\t<div class=\"e-con-inner\">\n\t\t<div class=\"elementor-element elementor-element-1d4f4f4 e-con-full e-flex kitify-col-width-auto-no ignore-docs-style-no kitify-disable-relative-no elementor-invisible kitify-has-entrance-animation e-con e-child\" data-id=\"1d4f4f4\" data-element_type=\"container\" data-e-type=\"container\" data-settings=\"{&quot;animation&quot;:&quot;kitifyShortFadeInUp&quot;}\">\n\t\t\t\t<div class=\"elementor-element elementor-element-838098d elementor-widget elementor-widget-heading\" data-id=\"838098d\" data-element_type=\"widget\" data-e-type=\"widget\" data-widget_type=\"heading.default\">\n\t\t\t\t\t<h2 class=\"elementor-heading-title elementor-size-default\">Together We Rise<\/h2>\t\t\t\t<\/div>\n\t\t\t\t<div class=\"elementor-element elementor-element-dfe5408 elementor-widget elementor-widget-heading\" data-id=\"dfe5408\" data-element_type=\"widget\" data-e-type=\"widget\" data-widget_type=\"heading.default\">\n\t\t\t\t\t<div class=\"elementor-heading-title elementor-size-default\">A company can make things\u2014but it takes a community to change things. We\u2019ve made it our mission to ensure every member of our worldwide team feels seen, inspired, and empowered. Your Inditex career is more than a job\u2014it\u2019s a source of passion and endless possibility.<\/div>\t\t\t\t<\/div>\n\t\t\t\t<div class=\"elementor-element elementor-element-724bbaf elementor-widget kitify elementor-kitify-button\" data-id=\"724bbaf\" data-element_type=\"widget\" data-e-type=\"widget\" data-widget_type=\"kitify-button.default\">\n\t\t\t\t<div class=\"elementor-widget-container\">\n\t\t\t\t\t        <div class=\"elementor-button-wrapper\">\n            <a href=\"\/fr\/shop\/\" class=\"elementor-button-link elementor-button elementor-btn-align-icon- elementor-size-sm\" role=\"button\">\n                        <span class=\"elementor-button-content-wrapper\">\n\t\t\t\t\t\t<span class=\"elementor-button-text\">Discovery now<\/span>\n\t\t<\/span>\n                    <\/a>\n        <\/div>\n        \t\t\t\t<\/div>\n\t\t\t\t<\/div>\n\t\t\t\t<\/div>\n\t\t<div class=\"elementor-element elementor-element-fa432f2 e-con-full e-flex kitify-col-width-auto-no ignore-docs-style-no kitify-disable-relative-no elementor-invisible kitify-has-entrance-animation e-con e-child\" data-id=\"fa432f2\" data-element_type=\"container\" data-e-type=\"container\" data-settings=\"{&quot;animation&quot;:&quot;kitifyShortFadeInUp&quot;,&quot;animation_delay&quot;:500}\">\n\t\t\t\t<div class=\"elementor-element elementor-element-e33d875 elementor-widget elementor-widget-image\" data-id=\"e33d875\" data-element_type=\"widget\" data-e-type=\"widget\" data-widget_type=\"image.default\">\n\t\t\t\t\t\t\t\t\t\t\t\t\t\t\t<img fetchpriority=\"high\" decoding=\"async\" width=\"680\" height=\"800\" src=\"https:\/\/conceptofdejavu.com\/wp-content\/uploads\/2025\/12\/ab_banner.jpg\" class=\"attachment-large size-large wp-image-3789\" alt=\"\" \/>\t\t\t\t\t\t\t\t\t\t\t\t\t\t\t<\/div>\n\t\t\t\t<\/div>\n\t\t\t\t\t<\/div>\n\t\t\t\t<\/div>\n\t\t<div class=\"elementor-element elementor-element-9a977ae elementor-hidden-desktop elementor-hidden-laptop elementor-hidden-tablet elementor-hidden-mobile_extra elementor-hidden-mobile e-flex e-con-boxed kitify-col-width-auto-no ignore-docs-style-no kitify-disable-relative-no e-root-container elementor-top-section e-con e-parent\" data-id=\"9a977ae\" data-element_type=\"container\" data-e-type=\"container\" data-settings=\"{&quot;background_background&quot;:&quot;classic&quot;}\">\n\t\t\t\t\t<div class=\"e-con-inner\">\n\t\t<div class=\"elementor-element elementor-element-b0e4368 e-con-full e-flex kitify-col-width-auto-no ignore-docs-style-no kitify-disable-relative-no elementor-invisible kitify-has-entrance-animation e-con e-child\" data-id=\"b0e4368\" data-element_type=\"container\" data-e-type=\"container\" data-settings=\"{&quot;animation&quot;:&quot;kitifyShortFadeInUp&quot;}\">\n\t\t\t\t<div class=\"elementor-element elementor-element-94f317a elementor-widget elementor-widget-counter\" data-id=\"94f317a\" data-element_type=\"widget\" data-e-type=\"widget\" data-widget_type=\"counter.default\">\n\t\t\t\t\t\t\t<div class=\"elementor-counter\">\n\t\t\t<div class=\"elementor-counter-title\">Online Sales<\/div>\t\t\t<div class=\"elementor-counter-number-wrapper\">\n\t\t\t\t<span class=\"elementor-counter-number-prefix\"><\/span>\n\t\t\t\t<span class=\"elementor-counter-number\" data-duration=\"2000\" data-to-value=\"70\" data-from-value=\"0\" data-delimiter=\",\">0<\/span>\n\t\t\t\t<span class=\"elementor-counter-number-suffix\">%<\/span>\n\t\t\t<\/div>\n\t\t<\/div>\n\t\t\t\t\t\t<\/div>\n\t\t\t\t<\/div>\n\t\t<div class=\"elementor-element elementor-element-c1d5365 e-con-full e-flex kitify-col-width-auto-no ignore-docs-style-no kitify-disable-relative-no elementor-invisible kitify-has-entrance-animation e-con e-child\" data-id=\"c1d5365\" data-element_type=\"container\" data-e-type=\"container\" data-settings=\"{&quot;animation&quot;:&quot;kitifyShortFadeInUp&quot;,&quot;animation_delay&quot;:400}\">\n\t\t\t\t<div class=\"elementor-element elementor-element-f24e8eb elementor-widget elementor-widget-counter\" data-id=\"f24e8eb\" data-element_type=\"widget\" data-e-type=\"widget\" data-widget_type=\"counter.default\">\n\t\t\t\t\t\t\t<div class=\"elementor-counter\">\n\t\t\t<div class=\"elementor-counter-title\">Markets<\/div>\t\t\t<div class=\"elementor-counter-number-wrapper\">\n\t\t\t\t<span class=\"elementor-counter-number-prefix\"><\/span>\n\t\t\t\t<span class=\"elementor-counter-number\" data-duration=\"2000\" data-to-value=\"215\" data-from-value=\"0\" data-delimiter=\",\">0<\/span>\n\t\t\t\t<span class=\"elementor-counter-number-suffix\"><\/span>\n\t\t\t<\/div>\n\t\t<\/div>\n\t\t\t\t\t\t<\/div>\n\t\t\t\t<\/div>\n\t\t<div class=\"elementor-element elementor-element-cdeed2a e-con-full e-flex kitify-col-width-auto-no ignore-docs-style-no kitify-disable-relative-no elementor-invisible kitify-has-entrance-animation e-con e-child\" data-id=\"cdeed2a\" data-element_type=\"container\" data-e-type=\"container\" data-settings=\"{&quot;animation&quot;:&quot;kitifyShortFadeInUp&quot;,&quot;animation_delay&quot;:500}\">\n\t\t\t\t<div class=\"elementor-element elementor-element-26752b0 elementor-widget elementor-widget-counter\" data-id=\"26752b0\" data-element_type=\"widget\" data-e-type=\"widget\" data-widget_type=\"counter.default\">\n\t\t\t\t\t\t\t<div class=\"elementor-counter\">\n\t\t\t<div class=\"elementor-counter-title\">Employee's Nationalities<\/div>\t\t\t<div class=\"elementor-counter-number-wrapper\">\n\t\t\t\t<span class=\"elementor-counter-number-prefix\"><\/span>\n\t\t\t\t<span class=\"elementor-counter-number\" data-duration=\"2000\" data-to-value=\"200\" data-from-value=\"0\" data-delimiter=\",\">0<\/span>\n\t\t\t\t<span class=\"elementor-counter-number-suffix\"><\/span>\n\t\t\t<\/div>\n\t\t<\/div>\n\t\t\t\t\t\t<\/div>\n\t\t\t\t<\/div>\n\t\t<div class=\"elementor-element elementor-element-53ab357 e-con-full e-flex kitify-col-width-auto-no ignore-docs-style-no kitify-disable-relative-no elementor-invisible kitify-has-entrance-animation e-con e-child\" data-id=\"53ab357\" data-element_type=\"container\" data-e-type=\"container\" data-settings=\"{&quot;animation&quot;:&quot;kitifyShortFadeInUp&quot;,&quot;animation_delay&quot;:600}\">\n\t\t\t\t<div class=\"elementor-element elementor-element-6fbff1e elementor-widget elementor-widget-counter\" data-id=\"6fbff1e\" data-element_type=\"widget\" data-e-type=\"widget\" data-widget_type=\"counter.default\">\n\t\t\t\t\t\t\t<div class=\"elementor-counter\">\n\t\t\t<div class=\"elementor-counter-title\">Net Zero Commitment<\/div>\t\t\t<div class=\"elementor-counter-number-wrapper\">\n\t\t\t\t<span class=\"elementor-counter-number-prefix\"><\/span>\n\t\t\t\t<span class=\"elementor-counter-number\" data-duration=\"2000\" data-to-value=\"2022\" data-from-value=\"0\" data-delimiter=\",\">0<\/span>\n\t\t\t\t<span class=\"elementor-counter-number-suffix\"><\/span>\n\t\t\t<\/div>\n\t\t<\/div>\n\t\t\t\t\t\t<\/div>\n\t\t\t\t<\/div>\n\t\t\t\t\t<\/div>\n\t\t\t\t<\/div>\n\t\t<div class=\"elementor-element elementor-element-c4709a1 elementor-hidden-desktop elementor-hidden-laptop elementor-hidden-tablet elementor-hidden-mobile_extra elementor-hidden-mobile e-flex e-con-boxed kitify-col-width-auto-no ignore-docs-style-no kitify-disable-relative-no e-root-container elementor-top-section e-con e-parent\" data-id=\"c4709a1\" data-element_type=\"container\" data-e-type=\"container\">\n\t\t\t\t\t<div class=\"e-con-inner\">\n\t\t\t\t<div class=\"elementor-element elementor-element-7430b6a elementor-invisible kitify-has-entrance-animation elementor-widget elementor-widget-heading\" data-id=\"7430b6a\" data-element_type=\"widget\" data-e-type=\"widget\" data-settings=\"{&quot;_animation&quot;:&quot;kitifyShortFadeInUp&quot;}\" data-widget_type=\"heading.default\">\n\t\t\t\t\t<h2 class=\"elementor-heading-title elementor-size-default\">the blog<\/h2>\t\t\t\t<\/div>\n\t\t\t\t<div class=\"elementor-element elementor-element-21df710 custom-carousel-preset-default kitify-carousel-item-effect-slide kitify-arrow--showonhover-no kitify-dots--vertical-no elementor-invisible kitify-has-entrance-animation elementor-widget kitify elementor-kitify-posts\" data-id=\"21df710\" data-element_type=\"widget\" data-e-type=\"widget\" data-settings=\"{&quot;_animation&quot;:&quot;kitifyShortFadeInUp&quot;,&quot;_animation_delay&quot;:400}\" data-widget_type=\"kitify-posts.default\">\n\t\t\t\t<div class=\"elementor-widget-container\">\n\t\t\t\t\t\n<div id=\"novapost_21df710\" class=\"kitify-posts layout-type-grid preset-grid-1 querycpt--post kitify-posts--grid kitify-carousel\" data-item_selector=\".kitify-posts__item\" data-slider_options=\"{&quot;slidesToScroll&quot;:{&quot;desktop&quot;:&quot;1&quot;,&quot;laptop&quot;:&quot;1&quot;,&quot;tablet&quot;:&quot;1&quot;,&quot;mobile_extra&quot;:&quot;1&quot;},&quot;rows&quot;:{&quot;desktop&quot;:&quot;1&quot;,&quot;laptop&quot;:&quot;1&quot;,&quot;tablet&quot;:&quot;1&quot;,&quot;mobile_extra&quot;:&quot;1&quot;},&quot;autoplaySpeed&quot;:5000,&quot;autoplay&quot;:true,&quot;infinite&quot;:false,&quot;centerMode&quot;:false,&quot;pauseOnHover&quot;:false,&quot;pauseOnInteraction&quot;:false,&quot;reverseDirection&quot;:false,&quot;infiniteEffect&quot;:false,&quot;speed&quot;:500,&quot;arrows&quot;:true,&quot;dots&quot;:false,&quot;variableWidth&quot;:false,&quot;prevArrow&quot;:&quot;.kitify-carousel__prev-arrow-21df710&quot;,&quot;nextArrow&quot;:&quot;.kitify-carousel__next-arrow-21df710&quot;,&quot;dotsElm&quot;:&quot;.kitify-carousel__dots_21df710&quot;,&quot;rtl&quot;:false,&quot;effect&quot;:&quot;slide&quot;,&quot;coverflowEffect&quot;:{&quot;rotate&quot;:null,&quot;stretch&quot;:null,&quot;depth&quot;:null,&quot;modifier&quot;:null,&quot;slideShadows&quot;:null},&quot;dotType&quot;:&quot;bullets&quot;,&quot;direction&quot;:&quot;horizontal&quot;,&quot;uniqueID&quot;:&quot;kitify_carousel_21df710&quot;,&quot;asFor&quot;:&quot;&quot;,&quot;autoHeight&quot;:false,&quot;slidesToShow&quot;:{&quot;desktop&quot;:&quot;2&quot;,&quot;laptop&quot;:&quot;2&quot;,&quot;tablet&quot;:&quot;2&quot;,&quot;mobile_extra&quot;:&quot;2&quot;}}\" dir=\"ltr\" ><div class=\"kitify-carousel-inner\">        <div class=\"kitify-posts__list_wrapper swiper-container\">\n            <div class=\"kitify-posts__list swiper-wrapper\" id=\"kitify_carousel_21df710\">\n            <div class=\"kitify-posts__item swiper-slide term-1\">\n    <div class=\"kitify-posts__outer-box\">\n        <div class=\"kitify-posts__inner-box\"><div class=\"kitify-posts__inner-content\"><div class=\"kitify-posts__inner-content-inner\"><div class=\"kitify-posts__meta kitify-posts__meta1\"><div class=\"kitify-posts__meta__item kitify-posts__meta__item--date post__date\"><span class=\"meta--value\">d\u00e9cembre 21, 2025<\/span><\/div><\/div><h4 class=\"kitify-posts__title\"><a href=\"https:\/\/conceptofdejavu.com\/fr\/2025\/12\/21\/hello-world\/\" title=\"Hello world!\" rel=\"bookmark\">Hello world!<\/a><\/h4><div class=\"kitify-posts__excerpt entry-excerpt\">Welcome to WordPress. This is your first post. Edit or delete it, then start writing!<\/div><\/div><\/div><\/div>\n    <\/div>\n<\/div>            <\/div>\n        <\/div>\n    <\/div><div class=\"kitify-carousel__prev-arrow-21df710 kitify-arrow prev-arrow\"><i aria-hidden=\"true\" class=\"novaicon-arrow-left\"><\/i><\/div><div class=\"kitify-carousel__next-arrow-21df710 kitify-arrow next-arrow\"><i aria-hidden=\"true\" class=\"novaicon-arrow-right\"><\/i><\/div>\n    <\/div>\n\t\t\t\t<\/div>\n\t\t\t\t<\/div>\n\t\t\t\t\t<\/div>\n\t\t\t\t<\/div>\n\t\t<div class=\"elementor-element elementor-element-4a15dfc e-flex e-con-boxed kitify-col-width-auto-no ignore-docs-style-no kitify-disable-relative-no e-root-container elementor-top-section e-con e-parent\" data-id=\"4a15dfc\" data-element_type=\"container\" data-e-type=\"container\">\n\t\t\t\t\t<div class=\"e-con-inner\">\n\t\t\t\t<div class=\"elementor-element elementor-element-11567be custom-carousel-preset-style-01 bannerlist--preset-default kitify-carousel-item-effect-slide kitify-arrow--showonhover-no kitify-dots--vertical-no elementor-widget kitify elementor-kitify-banner-list\" data-id=\"11567be\" data-element_type=\"widget\" data-e-type=\"widget\" data-widget_type=\"kitify-banner-list.default\">\n\t\t\t\t<div class=\"elementor-widget-container\">\n\t\t\t\t\t\n<div class=\"kitify-bannerlist layout-type-overlay preset-default kitify-carousel\" data-item_selector=\".kitify-bannerlist__item\" data-slider_options=\"{&quot;slidesToScroll&quot;:{&quot;desktop&quot;:&quot;1&quot;,&quot;laptop&quot;:&quot;1&quot;,&quot;tablet&quot;:&quot;1&quot;,&quot;mobile_extra&quot;:&quot;1&quot;},&quot;rows&quot;:{&quot;desktop&quot;:&quot;1&quot;,&quot;laptop&quot;:&quot;1&quot;,&quot;tablet&quot;:&quot;1&quot;,&quot;mobile_extra&quot;:&quot;1&quot;},&quot;autoplaySpeed&quot;:3000,&quot;autoplay&quot;:true,&quot;infinite&quot;:true,&quot;centerMode&quot;:false,&quot;pauseOnHover&quot;:false,&quot;pauseOnInteraction&quot;:false,&quot;reverseDirection&quot;:false,&quot;infiniteEffect&quot;:false,&quot;speed&quot;:500,&quot;arrows&quot;:false,&quot;dots&quot;:false,&quot;variableWidth&quot;:false,&quot;prevArrow&quot;:&quot;.kitify-carousel__prev-arrow-11567be&quot;,&quot;nextArrow&quot;:&quot;.kitify-carousel__next-arrow-11567be&quot;,&quot;dotsElm&quot;:&quot;.kitify-carousel__dots_11567be&quot;,&quot;rtl&quot;:false,&quot;effect&quot;:&quot;slide&quot;,&quot;coverflowEffect&quot;:{&quot;rotate&quot;:null,&quot;stretch&quot;:null,&quot;depth&quot;:null,&quot;modifier&quot;:null,&quot;slideShadows&quot;:null},&quot;dotType&quot;:&quot;bullets&quot;,&quot;direction&quot;:&quot;horizontal&quot;,&quot;uniqueID&quot;:&quot;kitify_carousel_11567be&quot;,&quot;asFor&quot;:&quot;&quot;,&quot;autoHeight&quot;:false,&quot;slidesToShow&quot;:{&quot;desktop&quot;:&quot;10&quot;,&quot;mobile&quot;:&quot;8&quot;,&quot;laptop&quot;:&quot;10&quot;,&quot;tablet&quot;:&quot;10&quot;,&quot;mobile_extra&quot;:&quot;10&quot;}}\" dir=\"ltr\" >\n    <div class=\"kitify-carousel-inner\">    <div class=\"kitify-bannerlist__list_wrapper swiper-container\" id=\"kitify_carousel_11567be\">\n        <div class=\"kitify-bannerlist__list swiper-wrapper\">\n            <div class=\"elementor-repeater-item-52fd0b3 kitify-bannerlist__item swiper-slide col-desk-10 col-mob-8 col-lap-10 col-tab-10 col-tabp-10\">\n\t<div class=\"kitify-bannerlist__inner\">\n\t\t<a class=\"kitify-bannerlist__link\">\n\t\t\t<div class=\"kitify-bannerlist__image\"><img loading=\"lazy\" decoding=\"async\" src=\"https:\/\/conceptofdejavu.com\/wp-content\/uploads\/2026\/02\/images-removebg-preview.png\" alt=\"\" class=\"kitify-bannerlist__image-instance\" width=\"183\" height=\"151\" style=\"--img-height:151px\">\t\t\t<\/div>\n\t\t\t<div class=\"kitify-bannerlist__content\">\n                <div class=\"kitify-bannerlist__content-inner\"><\/div>\n            <\/div>\n\t\t<\/a>\n\t<\/div>\n<\/div><div class=\"elementor-repeater-item-523db37 kitify-bannerlist__item swiper-slide col-desk-10 col-mob-8 col-lap-10 col-tab-10 col-tabp-10\">\n\t<div class=\"kitify-bannerlist__inner\">\n\t\t<a class=\"kitify-bannerlist__link\">\n\t\t\t<div class=\"kitify-bannerlist__image\"><img loading=\"lazy\" decoding=\"async\" src=\"https:\/\/conceptofdejavu.com\/wp-content\/uploads\/2025\/12\/cherry-removebg-preview.png\" alt=\"\" class=\"kitify-bannerlist__image-instance\" width=\"341\" height=\"291\" style=\"--img-height:291px\">\t\t\t<\/div>\n\t\t\t<div class=\"kitify-bannerlist__content\">\n                <div class=\"kitify-bannerlist__content-inner\"><\/div>\n            <\/div>\n\t\t<\/a>\n\t<\/div>\n<\/div><div class=\"elementor-repeater-item-928ca87 kitify-bannerlist__item swiper-slide col-desk-10 col-mob-8 col-lap-10 col-tab-10 col-tabp-10\">\n\t<div class=\"kitify-bannerlist__inner\">\n\t\t<a class=\"kitify-bannerlist__link\">\n\t\t\t<div class=\"kitify-bannerlist__image\"><img loading=\"lazy\" decoding=\"async\" src=\"https:\/\/conceptofdejavu.com\/wp-content\/uploads\/2026\/02\/cake-slice-vector-isolated-icon-260nw-2090320132-removebg-preview-1.png\" alt=\"\" class=\"kitify-bannerlist__image-instance\" width=\"169\" height=\"146\" style=\"--img-height:146px\">\t\t\t<\/div>\n\t\t\t<div class=\"kitify-bannerlist__content\">\n                <div class=\"kitify-bannerlist__content-inner\"><\/div>\n            <\/div>\n\t\t<\/a>\n\t<\/div>\n<\/div><div class=\"elementor-repeater-item-5a3041d kitify-bannerlist__item swiper-slide col-desk-10 col-mob-8 col-lap-10 col-tab-10 col-tabp-10\">\n\t<div class=\"kitify-bannerlist__inner\">\n\t\t<a class=\"kitify-bannerlist__link\">\n\t\t\t<div class=\"kitify-bannerlist__image\"><img loading=\"lazy\" decoding=\"async\" src=\"https:\/\/conceptofdejavu.com\/wp-content\/uploads\/2026\/02\/shopping-bags.png\" alt=\"\" class=\"kitify-bannerlist__image-instance\" width=\"1024\" height=\"1003\" style=\"--img-height:1003px\">\t\t\t<\/div>\n\t\t\t<div class=\"kitify-bannerlist__content\">\n                <div class=\"kitify-bannerlist__content-inner\"><\/div>\n            <\/div>\n\t\t<\/a>\n\t<\/div>\n<\/div>        <\/div>\n    <\/div>\n    <\/div><\/div>\t\t\t\t<\/div>\n\t\t\t\t<\/div>\n\t\t\t\t\t<\/div>\n\t\t\t\t<\/div>\n\t\t\t\t<\/div>","protected":false},"excerpt":{"rendered":"<p>Moroccan concept store From home to everywhere A feeling you&#8217;ve known forever Concept of D\u00e9j\u00e0 Vu was born from a feeling we\u2019ve known forever.D\u00e9j\u00e0 vu \u2014 something you\u2019ve seen before, felt before, dreamed of before.For us, it\u2019s the brand we imagined when we were just 8 years old. From sketching designs on random papers and proudly showing our family, to\u2026<\/p>","protected":false},"author":1,"featured_media":0,"parent":0,"menu_order":0,"comment_status":"closed","ping_status":"closed","template":"elementor_header_footer","meta":{"footnotes":""},"class_list":["post-58","page","type-page","status-publish","hentry"],"_links":{"self":[{"href":"https:\/\/conceptofdejavu.com\/fr\/wp-json\/wp\/v2\/pages\/58","targetHints":{"allow":["GET"]}}],"collection":[{"href":"https:\/\/conceptofdejavu.com\/fr\/wp-json\/wp\/v2\/pages"}],"about":[{"href":"https:\/\/conceptofdejavu.com\/fr\/wp-json\/wp\/v2\/types\/page"}],"author":[{"embeddable":true,"href":"https:\/\/conceptofdejavu.com\/fr\/wp-json\/wp\/v2\/users\/1"}],"replies":[{"embeddable":true,"href":"https:\/\/conceptofdejavu.com\/fr\/wp-json\/wp\/v2\/comments?post=58"}],"version-history":[{"count":57,"href":"https:\/\/conceptofdejavu.com\/fr\/wp-json\/wp\/v2\/pages\/58\/revisions"}],"predecessor-version":[{"id":4582,"href":"https:\/\/conceptofdejavu.com\/fr\/wp-json\/wp\/v2\/pages\/58\/revisions\/4582"}],"wp:attachment":[{"href":"https:\/\/conceptofdejavu.com\/fr\/wp-json\/wp\/v2\/media?parent=58"}],"curies":[{"name":"wp","href":"https:\/\/api.w.org\/{rel}","templated":true}]}}